{"id":131,"date":"2020-09-30T12:25:34","date_gmt":"2020-09-30T09:25:34","guid":{"rendered":"https:\/\/wpweb2-prod.rtu.lv\/smi\/?page_id=131"},"modified":"2020-12-02T17:29:57","modified_gmt":"2020-12-02T14:29:57","slug":"pieejamas-iekartas","status":"publish","type":"page","link":"https:\/\/wpweb2-prod.rtu.lv\/smi\/pieejamas-iekartas\/","title":{"rendered":"Pieejam\u0101s iek\u0101rtas"},"content":{"rendered":"\n<style type=\"text\/css\" data-created_by=\"avia_inline_auto\" id=\"style-css-av-9p38b-5587581438d536c728ad4ba88b4c3b65\">\n.flex_column.av-9p38b-5587581438d536c728ad4ba88b4c3b65{\nborder-radius:0px 0px 0px 0px;\npadding:0px 0px 0px 0px;\n}\n<\/style>\n<div  class='flex_column av-9p38b-5587581438d536c728ad4ba88b4c3b65 av_one_full  avia-builder-el-0  avia-builder-el-no-sibling  first flex_column_div av-zero-column-padding  '     ><section  class='av_textblock_section av-khhqjrbk-3daed4ce6bdaee2eb0263a03e4a11664 '   itemscope=\"itemscope\" itemtype=\"https:\/\/schema.org\/CreativeWork\" ><div class='avia_textblock'  itemprop=\"text\" ><p><strong>SMI pieejam\u0101s iek\u0101rtas, materi\u0101lu sagatavo\u0161anas un apstr\u0101des metodes un to anal\u012bzes iesp\u0113jas SMI<\/strong><\/p>\n<div>\n<p><strong>Silik\u0101tu, augsttemperat\u016bras un neorganisko nanomateri\u0101lu sint\u0113ze<\/strong><\/p>\n<ul>\n<li>Augsttemperat\u016bras kr\u0101snis\u00a0\u00ab<em>Nabertherm LH 15\/13<\/em>\u00bb temperat\u016br\u0101m l\u012bdz 1300 \u2103;<\/li>\n<li>\u00ab<em>Supertherm HT 16\/17<\/em>\u00bb temperat\u016br\u0101m l\u012bdz 1750 \u2103;<\/li>\n<li>Laboratorijas apr\u012bkojums sola-g\u0113la tehnolo\u0123ijai un iem\u0113rk\u0161anas-izvilk\u0161anas p\u0101rkl\u0101jumu ieguves iek\u0101rta \u00ab<em>KN 4002 KSV NIMA Dip Coater Single Vessel System Small<\/em>\u00bb\u00a0ar programmnodro\u0161in\u0101jumu\u00a0\u00a0<em>KSV NIMA DC software version 3.00<\/em>;<\/li>\n<li>Pa\u0161tais\u012bta izsmidzin\u0101\u0161anas pirol\u012bzes iek\u0101rta ar regul\u0113jamu izsmidzin\u0101\u0161anas att\u0101lumu un main\u0101miem sprauslas, \u0161\u0137idruma\/nes\u0113jg\u0101zes pl\u016bsmas \u0101truma parametriem;<\/li>\n<li>Cauru\u013cveida kr\u0101sns ar garumu 2m un diametru 10cm, 3 atsevi\u0161\u0137i kontrol\u0113jam\u0101m kars\u0113\u0161anas zon\u0101m l\u012bdz 1100 \u2103.<\/li>\n<\/ul>\n<p><strong>Materi\u0101lu smalcin\u0101\u0161ana<\/strong>,\u00a0<strong>veido\u0161ana<\/strong><\/p>\n<ul>\n<li>Planet\u0101r\u0101s lo\u017eu dzirnavas\u00a0\u00ab<em>Retsch PM 400<\/em>\u00bb<em>\u00a0un\u00a0<\/em>\u00ab<em>Sand<\/em>\u00bb;<\/li>\n<li>Lo\u017eu dzirnavas\u00a0\u00ab<em>Carl J\u00e4ger<\/em>\u00bb;<\/li>\n<li>Laboratorijas dzirnavas\u00a0\u00ab<em>Retsch RM 100<\/em>\u00bb;<\/li>\n<li>Laboratorijas vakuuma prese\u00a0\u00ab<em>HAENDLE PZVM-8b<\/em>\u00bb;<\/li>\n<li>Tr\u012bs galda hidraulisk\u0101s preses\u00a0\u00ab<em>SPRUT 10\/185<\/em>\u00bb;<\/li>\n<li>M\u0101lu sajauc\u0113js un ekstr\u016bderis\u00a0\u00ab<em>SHIMPO NRA-04S<\/em>\u00bb.<\/li>\n<\/ul>\n<p><strong>Birsto\u0161u materi\u0101lu sietu anal\u012bze<\/strong><\/p>\n<ul>\n<li>Vibrosij\u0101\u0161anas iek\u0101rta\u00a0\u00ab<em>Analissete 3 PRO<\/em>\u00bb;<\/li>\n<li>Laboratorijas sietu iek\u0101rta\u00a0\u00ab<em>RETSCH Vibratory Sieve Shaker AS 200 digit<\/em>\u00bb.<\/li>\n<\/ul>\n<p><strong>Nano- un mikroda\u013ci\u0146u izm\u0113ru noteik\u0161ana, suspensiju, pastu un \u0161\u0137\u012bdumu Z-potenci\u0101la, pH un viskozit\u0101tes noteik\u0161ana<\/strong><\/p>\n<ul>\n<li>Zeta potenci\u0101la un da\u013ci\u0146u izm\u0113ra noteik\u0161anas iek\u0101rtas\u00a0\u00ab<em>90 Plus<\/em>\u00bb\u00a0un\u00a0\u00ab<em>MAS ZetaPALS Brookhaven Instr.<\/em>\u00bb;<\/li>\n<li>Viskozimetrs\u00a0<em>VT550 Thermo Haake Electron Corp<\/em>. ar sensoru\u00a0<em>MV-DIN<\/em>;<\/li>\n<li><em>Mettler Toledo SevenMulti<\/em>\u00a0pH-metrs, elektrods\u00a0<em>InLab\u00ae 413;<\/em><\/li>\n<li><em>Mettler Toledo SevenCompact\u00a0<\/em>konduktometrs, elektrods<em>\u00a0<\/em>ar oglek\u013ca sensoru\u00a0<em>InLab\u00ae 731 ISM.<\/em><\/li>\n<\/ul>\n<p><strong>Materi\u0101lu \u0137\u012bmisk\u0101 anal\u012bze<\/strong><\/p>\n<ul>\n<li>Klasisk\u0101 \u0137\u012bmisk\u0101 anal\u012bze, liesmas fotometrs\u00a0\u00ab<em>Zenaway<\/em>\u00bb.<\/li>\n<\/ul>\n<p><strong>Materi\u0101lu f\u0101\u017eu sast\u0101va, strukt\u016bras, virsmas morfolo\u0123ijas un porain\u012bbas anal\u012bze<\/strong><\/p>\n<ul>\n<li>Rentgenstaru difraktometrs\u00a0\u00ab<em>Rigaku Ultima +<\/em>\u00bb\u00a0ar augsttemperat\u016bras kameru, ICDD datu b\u0101zes<em>PDF-4 + 2016<\/em>,\u00a0<em>PDF-4\/Organics 2016\u00a0<\/em>un programmat\u016bra\u00a0<em>Sleve+2016<\/em>;<\/li>\n<li>IS Furj\u0113 spektrometrs\u00a0\u00ab<em>21 Prestige Shimadzu Corp.<\/em>\u00bb;<\/li>\n<li>Optiskais stereo mikroskops\u00a0\u00ab<em>Leica M420<\/em>\u00bb;<\/li>\n<li>Polariz\u0101cijas mikroskops\u00a0\u00ab<em>Leica DM LP<\/em>\u00bb\u00a0ar\u00a0\u00ab<em>Leica DC<\/em>\u00bb\u00a0fotokameru, datu apstr\u0101dei izmanto programmat\u016bru\u00a0\u00ab<em>Image-Pro Plus 4,5<\/em>\u00bb;<\/li>\n<li>Atomu sp\u0113ka mikroskops\u00a0\u00ab<em>VEECO CP II Scanning Probe Microscope<\/em>\u00bb;<\/li>\n<li>Sl\u0101pek\u013ca adsorbcijas porozimetrs\u00a0\u00ab<em>Nova 1200 E-Series, Quantachrome Instruments<\/em>\u00bb\u00a0(por\u0101m no 0,35-200nm) un Hg porozimetrs\u00a0\u00ab<em>Pore Master 33 Quantachrome Instruments<\/em>\u00bb (por\u0101m no 0,064-950 mkm);<\/li>\n<li>Sken\u0113jo\u0161ais galda elektronu mikroskops\u00a0\u00ab<em>Hitachi TableTop Microscope TM3000<\/em>\u00bb;<\/li>\n<li>Augstas iz\u0161\u0137irtsp\u0113jas lauka emisijas (\u0160otki) zema vakuuma elektronu mikroskops\u00a0\u00ab<em>FEI Nova NanoSEM 650<\/em>\u00bb.<\/li>\n<\/ul>\n<p><strong>Materi\u0101lu termisk\u0101 un termomeh\u0101nisk\u0101 anal\u012bze, meh\u0101nisko \u012bpa\u0161\u012bbu noteik\u0161ana<\/strong><\/p>\n<ul>\n<li>Augsttemperat\u016bras derivatogr\u0101fs MOM ar temperat\u016bru diapazonu 1000-1500<sup>0<\/sup>C;<\/li>\n<li>Diferenci\u0101li termisk\u0101s un termomeh\u0101nisk\u0101s anal\u012bzes iek\u0101rta\u00a0\u00ab<em>SETSYS Evolution TGA-DTA\/TMA SETARAM<\/em>\u00bb\u00a0temperat\u016br\u0101m l\u012bdz 1750 \u2103;<\/li>\n<li>Horizont\u0101lais dilatometrs\u00a0\u00ab<em>L76\/1600 D<\/em>\u00bb;<\/li>\n<li>B\u012bdes un statisk\u0101s slodzes m\u0113r\u012b\u0161anas iek\u0101rta\u00a0\u00ab<em>Compression Test Plant ToniNorm, ToniTechnik by Zwick<\/em>\u00bb. Maksim\u0101l\u0101 slogo\u0161anas jauda 300 kN, programmat\u016bra\u00a0\u00ab<em>Setsoft 2000<\/em>\u00bb;<\/li>\n<li>Akustisk\u0101 sist\u0113ma\u00a0\u00ab<em>Buzz-O-Sonic 5,0<\/em>\u00bb\u00a0elast\u012bbas modu\u013ca noteik\u0161anai.<\/li>\n<\/ul>\n<p><strong>Paraugu sagatavo\u0161anas iek\u0101rtas optiskajai un elektronu mikroskopijai<\/strong><\/p>\n<ul>\n<li>Tegramin-20 (STRUERS). Autom\u0101tiska, ar mikroprocesoru kontrol\u0113jama iek\u0101rta paraugu sl\u012bp\u0113\u0161anai un pul\u0113\u0161anai;<\/li>\n<li>CitoVac (STRUERS). Vakuuma impregn\u0113\u0161anas iek\u0101rta;<\/li>\n<li>Minitom (STRUERS). Paraugu grie\u0161anas iek\u0101rta.<\/li>\n<\/ul>\n<p><strong>Pl\u0101no k\u0101rti\u0146u un p\u0101rkl\u0101jumu anal\u012bzei<\/strong><\/p>\n<ul>\n<li>Mikrociet\u012bbas m\u0113r\u012b\u0161anas iek\u0101rta PMT 3;<\/li>\n<li>TQC Wolff-Wilborn ciet\u012bbas tests (z\u012bmu\u013ca tests) \u2013 apr\u012bkojums p\u0101rkl\u0101jumu skr\u0101p\u0113jam\u012bbas ciet\u012bbas noteik\u0161anai;<\/li>\n<li>Elektro\u0137\u012bmisk\u0101 impedances spektroskopijas iek\u0101rtas \u201cMetrohm Autolab\u201d komplekts: potenciostats\/galvanostats PGSTAT302N; impedances modulis FRA32M; v\u0101jstr\u0101vu modulis ECD; aizverama virsmu \u0161\u016bna RHD.TSCSURF; pX1000 &#8211; pH \/ pX un temperat\u016bras modulis, elektrodi un NOVA programmat\u016bra;<\/li>\n<li>\u00a0Piliena formas analizators Kruss Drop Shape Analyzer, DSA25E, V\u0101cija. Kontakta le\u0146\u0137a, virsmas un robe\u017evirsmas spraiguma m\u0113r\u012bjumiem, virsmas br\u012bv\u0101s ener\u0123ijas apr\u0113\u0137inam.<\/li>\n<\/ul>\n<\/div>\n<\/div><\/section><\/div>\n","protected":false},"excerpt":{"rendered":"","protected":false},"author":70,"featured_media":0,"parent":0,"menu_order":0,"comment_status":"closed","ping_status":"closed","template":"","meta":{"_monsterinsights_skip_tracking":false,"_monsterinsights_sitenote_active":false,"_monsterinsights_sitenote_note":"","_monsterinsights_sitenote_category":0,"footnotes":""},"class_list":["post-131","page","type-page","status-publish","hentry"],"meta_box":[],"_links":{"self":[{"href":"https:\/\/wpweb2-prod.rtu.lv\/smi\/wp-json\/wp\/v2\/pages\/131","targetHints":{"allow":["GET"]}}],"collection":[{"href":"https:\/\/wpweb2-prod.rtu.lv\/smi\/wp-json\/wp\/v2\/pages"}],"about":[{"href":"https:\/\/wpweb2-prod.rtu.lv\/smi\/wp-json\/wp\/v2\/types\/page"}],"author":[{"embeddable":true,"href":"https:\/\/wpweb2-prod.rtu.lv\/smi\/wp-json\/wp\/v2\/users\/70"}],"replies":[{"embeddable":true,"href":"https:\/\/wpweb2-prod.rtu.lv\/smi\/wp-json\/wp\/v2\/comments?post=131"}],"version-history":[{"count":4,"href":"https:\/\/wpweb2-prod.rtu.lv\/smi\/wp-json\/wp\/v2\/pages\/131\/revisions"}],"predecessor-version":[{"id":208,"href":"https:\/\/wpweb2-prod.rtu.lv\/smi\/wp-json\/wp\/v2\/pages\/131\/revisions\/208"}],"wp:attachment":[{"href":"https:\/\/wpweb2-prod.rtu.lv\/smi\/wp-json\/wp\/v2\/media?parent=131"}],"curies":[{"name":"wp","href":"https:\/\/api.w.org\/{rel}","templated":true}]}}