{"id":185,"date":"2020-11-14T16:28:08","date_gmt":"2020-11-14T13:28:08","guid":{"rendered":"https:\/\/wpweb2-prod.rtu.lv\/smi\/?page_id=185"},"modified":"2021-02-17T18:46:47","modified_gmt":"2021-02-17T15:46:47","slug":"studentiem","status":"publish","type":"page","link":"https:\/\/wpweb2-prod.rtu.lv\/smi\/studentiem\/","title":{"rendered":"Studentiem"},"content":{"rendered":"<\/p>\n\n<style type=\"text\/css\" data-created_by=\"avia_inline_auto\" id=\"style-css-av-g9hax-69e3c559d39ef37790980dd3092528c3\">\n.flex_column.av-g9hax-69e3c559d39ef37790980dd3092528c3{\nborder-radius:0px 0px 0px 0px;\npadding:0px 0px 0px 0px;\n}\n<\/style>\n<div  class='flex_column av-g9hax-69e3c559d39ef37790980dd3092528c3 av_one_full  avia-builder-el-0  avia-builder-el-no-sibling  first flex_column_div av-zero-column-padding  '     ><section  class='av_textblock_section av-8zgfl-a4340cc8df5d7396da01d497bebdb536 '   itemscope=\"itemscope\" itemtype=\"https:\/\/schema.org\/CreativeWork\" ><div class='avia_textblock'  itemprop=\"text\" ><p><strong>Inform\u0101cija studentiem<\/strong><\/p>\n<p><u><strong><a href=\"http:\/\/smi.rtu.lv\/sites\/smi.rtu.lv\/files\/test-smi.rtu.lv\/silikatu_materialu_instituts_studentiem_2016.7.septembri._2.vers.pptx\" target=\"_blank\" rel=\"noopener\">Silikatu materialu instituts studentiem 2016. 7. septembr\u012b. Ievads Specialit\u0101t\u0113<\/a><\/strong><\/u><\/p>\n<p>Silik\u0101tu materi\u0101lu instit\u016bta gr\u0101matu plauktos atrodama v\u0113rt\u012bga specializ\u0113t\u0101 literat\u016bra par da\u017e\u0101d\u0101m t\u0113m\u0101m, kas \u012bpa\u0161i noder\u012bga b\u016btu studentiem zin\u0101\u0161anu papildin\u0101\u0161anai un redzesloka papla\u0161in\u0101\u0161anai.<\/p>\n<p>Sada\u013c\u0101 <strong><a href=\"http:\/\/www2.ktf.rtu.lv\/MKF_lv\/SMI\/lat\/smi-pieejama-literatura\/\">SMI pieejam\u0101 literat\u016bra<\/a>\u00a0<\/strong>pa da\u017e\u0101d\u0101m t\u0113m\u0101m uzskait\u012btas t\u0101s gr\u0101matas, kuras pieejamas Silik\u0101tu materi\u0101lu instit\u016bt\u0101 gan t\u0101 darbiniekiem, gan studentiem.<\/p>\n<p>Ja ir radusies v\u0113lme k\u0101du no \u0161\u012bm gr\u0101mat\u0101m izmantot, j\u0101dodas pie gr\u0101matas \u012bpa\u0161nieka, kas nor\u0101d\u012bts iekav\u0101s aiz katras gr\u0101matas nosaukuma, un j\u0101vienojas par k\u0101rt\u012bbu, k\u0101d\u0101 b\u016bs iesp\u0113jams \u0161o gr\u0101matu izmantot.<\/p>\n<div class=\"region region-content\">\n<div id=\"block-views-back-block\" class=\"block block-views\">\n<div class=\"content\">\n<div class=\"view view-back view-id-back view-display-id-block view-dom-id-5a37fd78b7f390d503531feb73365e04\">\n<div class=\"view-content\">\n<div class=\"views-row views-row-1 views-row-odd views-row-first views-row-last\">\n<div class=\"views-field views-field-view-node\"><\/div>\n<\/div>\n<\/div>\n<\/div>\n<\/div>\n<\/div>\n<\/div>\n<\/div><\/section><\/div>\n","protected":false},"excerpt":{"rendered":"","protected":false},"author":70,"featured_media":0,"parent":0,"menu_order":0,"comment_status":"closed","ping_status":"closed","template":"","meta":{"_monsterinsights_skip_tracking":false,"_monsterinsights_sitenote_active":false,"_monsterinsights_sitenote_note":"","_monsterinsights_sitenote_category":0,"footnotes":""},"class_list":["post-185","page","type-page","status-publish","hentry"],"meta_box":[],"_links":{"self":[{"href":"https:\/\/wpweb2-prod.rtu.lv\/smi\/wp-json\/wp\/v2\/pages\/185","targetHints":{"allow":["GET"]}}],"collection":[{"href":"https:\/\/wpweb2-prod.rtu.lv\/smi\/wp-json\/wp\/v2\/pages"}],"about":[{"href":"https:\/\/wpweb2-prod.rtu.lv\/smi\/wp-json\/wp\/v2\/types\/page"}],"author":[{"embeddable":true,"href":"https:\/\/wpweb2-prod.rtu.lv\/smi\/wp-json\/wp\/v2\/users\/70"}],"replies":[{"embeddable":true,"href":"https:\/\/wpweb2-prod.rtu.lv\/smi\/wp-json\/wp\/v2\/comments?post=185"}],"version-history":[{"count":6,"href":"https:\/\/wpweb2-prod.rtu.lv\/smi\/wp-json\/wp\/v2\/pages\/185\/revisions"}],"predecessor-version":[{"id":228,"href":"https:\/\/wpweb2-prod.rtu.lv\/smi\/wp-json\/wp\/v2\/pages\/185\/revisions\/228"}],"wp:attachment":[{"href":"https:\/\/wpweb2-prod.rtu.lv\/smi\/wp-json\/wp\/v2\/media?parent=185"}],"curies":[{"name":"wp","href":"https:\/\/api.w.org\/{rel}","templated":true}]}}