{"id":30,"date":"2020-09-29T16:53:02","date_gmt":"2020-09-29T13:53:02","guid":{"rendered":"https:\/\/wpweb2-prod.rtu.lv\/smi\/?page_id=30"},"modified":"2020-09-29T17:42:25","modified_gmt":"2020-09-29T14:42:25","slug":"macibu-darbs","status":"publish","type":"page","link":"https:\/\/wpweb2-prod.rtu.lv\/smi\/macibu-darbs\/","title":{"rendered":"M\u0101c\u012bbu darbs"},"content":{"rendered":"\n<style type=\"text\/css\" data-created_by=\"avia_inline_auto\" id=\"style-css-av-1oif2-201ec714e4ee5b8ac99105cf307666ff\">\n.flex_column.av-1oif2-201ec714e4ee5b8ac99105cf307666ff{\nborder-radius:0px 0px 0px 0px;\npadding:0px 0px 0px 0px;\n}\n<\/style>\n<div  class='flex_column av-1oif2-201ec714e4ee5b8ac99105cf307666ff av_one_full  avia-builder-el-0  el_before_av_textblock  avia-builder-el-first  first flex_column_div av-zero-column-padding  '     ><section  class='av_textblock_section av-kfo0tgiv-dc30527387554b7c1d46eaa96aeaeaaf '   itemscope=\"itemscope\" itemtype=\"https:\/\/schema.org\/CreativeWork\" ><div class='avia_textblock'  itemprop=\"text\" ><p>SMI studiju programmas \u00abSilik\u0101tu un augsttemperat\u016bras materi\u0101lu \u0137\u012bmija un tehnolo\u0123ija\u00bb ietvaros pied\u0101v\u0101 studiju iesp\u0113jas\u00a0 bakalaura (3 gadi) un ma\u0123istra (2 gadi) l\u012bmen\u012b.\u00a0 P\u0113c ma\u0123istra gr\u0101da ieg\u016b\u0161anas ir iesp\u0113jams zin\u0101tnisk\u0101 darba turpin\u0101jums doktorant\u016br\u0101 \u0161aj\u0101 pa\u0161\u0101 virzien\u0101.\u00a0 Aizst\u0101vot promocijas darbu, ieg\u016bst in\u017eenierzin\u0101t\u0146u doktora gr\u0101du. Silik\u0101tu un augsttemperat\u016bras materi\u0101lu studiju ietvaros iesp\u0113jams specializ\u0113ties vair\u0101kos virzienos:<\/p>\n<div>\n<ul>\n<li>Smalkkeramikas un b\u016bvkeramikas \u0137\u012bmija un tehnolo\u0123ija<\/li>\n<li>Stikls un stikla krist\u0101liskie materi\u0101li<\/li>\n<li>Dab\u012bgo un m\u0101ksl\u012bgo akmens materi\u0101lu restaur\u0101cija<\/li>\n<li>Neorganiskas saistvielas<\/li>\n<li>Nanoda\u013cinu un nanomateri\u0101lu \u0137\u012bmija un tehnolo\u0123ija<\/li>\n<\/ul>\n<div>SMI realiz\u0113 apm\u0101c\u012bbu Materi\u0101lzin\u0101tnes un \u0137\u012bmijas tehnologiju studiju programmas studentiem. Saska\u0146\u0101 ar \u0137\u012bmijas tehnolo\u0123ijas studiju programmu, apm\u0101c\u012bba speci\u0101lajos priek\u0161metos s\u0101kas p\u0113c bakalaura studiju pabeig\u0161anas. Pamatpriek\u0161meti specialit\u0101tes apg\u016b\u0161anai ir apskat\u0101mi noda\u013c\u0101 lekcijas. Studij\u0101m izmantojami m\u0101c\u012bbu sp\u0113ku sagatavotie m\u0101c\u012bbu l\u012bdzek\u013ci datorsalikum\u0101 un m\u0101c\u012bbu gr\u0101matas latvie\u0161u, krievu, ang\u013cu un v\u0101cu valod\u0101. \u0145emot v\u0113r\u0101 pasniedz\u0113ju un zin\u0101tnisko darbinieku starptautiskos sakarus un sadarb\u012bbu, ma\u0123istrat\u016bras un doktorant\u016bras studentiem ir iesp\u0113jams sta\u017e\u0113ties \u0101rzem\u0113s.<\/div>\n<div><\/div>\n<div>Apg\u016bt\u0101s discipl\u012bnas \u013caus k\u013c\u016bt par labi sagatavotiem speci\u0101listiem nozar\u0113s, kuras ir saist\u012btas ar silik\u0101tu r\u016bpniec\u012bbu.\u00a0 Liel\u0101k\u0101s ra\u017eotnes (A\/S\u00a0\u00abValmieras stikla \u0161\u0137iedra\u00bb, SIA CEMEX, SIA Anda Optec, SIA\u00a0\u00abZ-Light\u00bb,\u00a0 Sia Sakret, Sia Groglass, A\/S Latvijas keramika, A\/S Lode, A\/S Saurie\u0161u b\u016bvmateri\u0101li u.c.) nodro\u0161ina m\u016bsu studentiem p\u0113c studiju pabeig\u0161anas darbu. Gan zin\u0101tnisku, gan tehnolo\u0123isku probl\u0113mu silik\u0101tu materi\u0101lu nozar\u0113 v\u0113l ir \u013coti daudz un to atrisin\u0101\u0161anai vajadz\u012bga jaunie\u0161u l\u012bdzdarb\u012bba.<\/div>\n<div>\n<p>P\u0113d\u0113jos gados Latvij\u0101 pieaug interese par nanotehnolo\u0123ij\u0101m un nanomateri\u0101liem. Tiem studentiem, kuri specializ\u0113sies Nanoda\u013ci\u0146u un nanomateri\u0101lu \u0137\u012bmij\u0101 un tehnolo\u0123ij\u0101, darba iesp\u0113jas paveras RTU Silik\u0101tu materi\u0101lu un RTU Neorganisk\u0101s \u0137\u012bmijas instit\u016btos, LU Cietvielu fizikas instit\u016bt\u0101, A\/S \u00abNeomat\u00bb, SIA \u00abPlazma,keramika, tehnolo\u0123ija\u00bb.SMI sa\u0146emti sadarb\u012bbas priek\u0161likumi no vair\u0101k\u0101m Latvijas komp\u0101nij\u0101m, kuras pl\u0101no ra\u017eot ar nanoda\u013ci\u0146\u0101m modific\u0113tus materi\u0101lus kosm\u0113tikai, vides att\u012br\u012b\u0161anai, p\u0101rtikas r\u016bpniec\u012bbai, b\u016bvmaterialu \u012bpa\u0161\u012bbu uzlabo\u0161anai. Nanomateri\u0101lu un nanotehnolo\u0123iju ievie\u0161ana Latvijas mazajos un vid\u0113jos uz\u0146\u0113mumos nodro\u0161in\u0101s konkur\u0113tsp\u0113jas pieaugumu un iesp\u0113ju rast jaunus tirgus \u0101rzem\u0113s.<\/p>\n<\/div>\n<\/div>\n<\/div><\/section><\/div><section  class='av_textblock_section av-orue-d7e0376ee79fc809c9d1d5f4f7d156f4 '   itemscope=\"itemscope\" itemtype=\"https:\/\/schema.org\/CreativeWork\" ><div class='avia_textblock'  itemprop=\"text\" ><p>Click here to add your own text<\/p>\n<\/div><\/section><\/p>\n","protected":false},"excerpt":{"rendered":"","protected":false},"author":70,"featured_media":0,"parent":0,"menu_order":0,"comment_status":"closed","ping_status":"closed","template":"","meta":{"_monsterinsights_skip_tracking":false,"_monsterinsights_sitenote_active":false,"_monsterinsights_sitenote_note":"","_monsterinsights_sitenote_category":0,"footnotes":""},"class_list":["post-30","page","type-page","status-publish","hentry"],"meta_box":[],"_links":{"self":[{"href":"https:\/\/wpweb2-prod.rtu.lv\/smi\/wp-json\/wp\/v2\/pages\/30","targetHints":{"allow":["GET"]}}],"collection":[{"href":"https:\/\/wpweb2-prod.rtu.lv\/smi\/wp-json\/wp\/v2\/pages"}],"about":[{"href":"https:\/\/wpweb2-prod.rtu.lv\/smi\/wp-json\/wp\/v2\/types\/page"}],"author":[{"embeddable":true,"href":"https:\/\/wpweb2-prod.rtu.lv\/smi\/wp-json\/wp\/v2\/users\/70"}],"replies":[{"embeddable":true,"href":"https:\/\/wpweb2-prod.rtu.lv\/smi\/wp-json\/wp\/v2\/comments?post=30"}],"version-history":[{"count":4,"href":"https:\/\/wpweb2-prod.rtu.lv\/smi\/wp-json\/wp\/v2\/pages\/30\/revisions"}],"predecessor-version":[{"id":56,"href":"https:\/\/wpweb2-prod.rtu.lv\/smi\/wp-json\/wp\/v2\/pages\/30\/revisions\/56"}],"wp:attachment":[{"href":"https:\/\/wpweb2-prod.rtu.lv\/smi\/wp-json\/wp\/v2\/media?parent=30"}],"curies":[{"name":"wp","href":"https:\/\/api.w.org\/{rel}","templated":true}]}}