{"id":36,"date":"2020-09-29T16:59:50","date_gmt":"2020-09-29T13:59:50","guid":{"rendered":"https:\/\/wpweb2-prod.rtu.lv\/smi\/?page_id=36"},"modified":"2020-09-30T11:07:40","modified_gmt":"2020-09-30T08:07:40","slug":"noderigas-saites","status":"publish","type":"page","link":"https:\/\/wpweb2-prod.rtu.lv\/smi\/noderigas-saites\/","title":{"rendered":"Noder\u012bgas saites"},"content":{"rendered":"\n<style type=\"text\/css\" data-created_by=\"avia_inline_auto\" id=\"style-css-av-rqhg-3df73db3f9576f5f4391fe71637386d8\">\n.flex_column.av-rqhg-3df73db3f9576f5f4391fe71637386d8{\nborder-radius:0px 0px 0px 0px;\npadding:0px 0px 0px 0px;\n}\n<\/style>\n<div  class='flex_column av-rqhg-3df73db3f9576f5f4391fe71637386d8 av_one_full  avia-builder-el-0  avia-builder-el-no-sibling  first flex_column_div av-zero-column-padding  '     ><section  class='av_textblock_section av-kfo124cb-309554e1b74ebaa86bf784d78fdbe9b7 '   itemscope=\"itemscope\" itemtype=\"https:\/\/schema.org\/CreativeWork\" ><div class='avia_textblock'  itemprop=\"text\" ><div><a href=\"http:\/\/www.ktf.rtu.lv\/\" target=\"_blank\" rel=\"noopener noreferrer\">Materi\u0101lzin\u0101tnes un lieti\u0161\u0137\u0101s \u0137\u012bmijas fakult\u0101tes m\u0101jas lapa<\/a><\/div>\n<div><a href=\"http:\/\/id2.rtu.lv\/openam\/UI\/Login?module=LDAP&amp;locale=lv\" target=\"_blank\" rel=\"noopener noreferrer\">R\u012bgas Tehnisk\u0101s universit\u0101tes port\u0101ls ORTUS m\u0101jas lapa<\/a><\/div>\n<div><a href=\"http:\/\/rtu.lv\/\" target=\"_blank\" rel=\"noopener noreferrer\">R\u012bgas Tehnisk\u0101s universit\u0101tes m\u0101jas lapa<\/a><\/div>\n<div><a href=\"http:\/\/ceramics.org\/\" target=\"_blank\" rel=\"noopener noreferrer\">Amerikas keramikas biedr\u012bbas m\u0101jas lapa<\/a><\/div>\n<div><a href=\"http:\/\/www.ecers.org\/\" target=\"_blank\" rel=\"noopener noreferrer\">Eiropas keramikas biedr\u012bbas m\u0101jas lapa<\/a><\/div>\n<div><a href=\"http:\/\/www.researchgate.net\/\" target=\"_blank\" rel=\"noopener noreferrer\">Zin\u0101tnieku soci\u0101lais port\u0101ls <em>ResearchGate<\/em><\/a><\/div>\n<div><a href=\"http:\/\/www.lza.lv\/index.php?option=com_frontpage&amp;Itemid=1\" target=\"_blank\" rel=\"noopener noreferrer\">Latvijas Zin\u0101t\u0146u Akad\u0113mijas m\u0101jas lapa<\/a><\/div>\n<div><a href=\"http:\/\/lmpb.lv\/\" target=\"_blank\" rel=\"noopener noreferrer\">Latvijas Materi\u0101lu p\u0113t\u012b\u0161anas biedr\u012bbas m\u0101jas lapa<\/a><\/div>\n<div><a href=\"http:\/\/ljza.lv\/category\/aktualitates\/\" target=\"_blank\" rel=\"noopener noreferrer\">Latvijas Jauno zin\u0101tnieku apvien\u012bbas m\u0101jas lapa<\/a><\/div>\n<div><a href=\"http:\/\/www.izm.gov.lv\/\" target=\"_blank\" rel=\"noopener noreferrer\">Latvijas Republikas Izgl\u012bt\u012bbas un zin\u0101tnes ministrijas m\u0101jas lapa<\/a><\/div>\n<div><a href=\"http:\/\/www.epo.org\/searching\/free\/espacenet.html\" target=\"_blank\" rel=\"noopener noreferrer\">Eiropas Patentu biroja m\u0101jas lapa<\/a>\u00a0(iesp\u0113jams mekl\u0113t patentus)<\/div>\n<div><a href=\"http:\/\/www.scientific.net\/conferences\" target=\"_blank\" rel=\"noopener noreferrer\">Materi\u0101lzin\u0101nes un tehnolo\u0123iju konferen\u010du saraksts<\/a><\/div>\n<div><a href=\"http:\/\/webmineral.com\/\" target=\"_blank\" rel=\"noopener noreferrer\">Mineralo\u0123ijas datu b\u0101ze<\/a><\/div>\n<div><a href=\"http:\/\/database.iem.ac.ru\/mincryst\/\" target=\"_blank\" rel=\"noopener noreferrer\">Kristalogr\u0101fijas un krist\u0101l\u0137\u012bmijas datu b\u0101ze miner\u0101liem un to strukt\u016bras analogiem (WWW-MINCRYST)<\/a><\/div>\n<div><a href=\"http:\/\/digitalfire.com\/4sight\/education\/index.html\" target=\"_blank\" rel=\"noopener noreferrer\">Karamikas datu b\u0101ze (termini, tehnolo\u0123ijas utt.)<\/a><br \/>\n<a href=\"http:\/\/www.cerameunie.eu\/\" target=\"_blank\" rel=\"noopener noreferrer\">Eiropas Keramikas industrijas asoci\u0101cija (<em>The European Ceramic Industry Association<\/em>)<\/a><\/div>\n<div><a href=\"http:\/\/www.rtu.lv\/component\/option,com_docman\/task,doc_download\/gid,6957\/atsauces-lvs-iso690.pdf\" target=\"_blank\" rel=\"noopener noreferrer\">Atsau\u010du noform\u0113\u0161ana p\u0113c LVS ISO 690:2010 standarta<\/a><\/div>\n<div><a href=\"http:\/\/www.colby.edu\/chemistry\/PChem\/scripts\/error.html\" target=\"_blank\" rel=\"noopener noreferrer\">Netie\u0161o m\u0113r\u012bjuma k\u013c\u016bdu apr\u0113\u0137in\u0101\u0161anas kalkulators<\/a>\u00a0un\u00a0<a href=\"http:\/\/www.colby.edu\/chemistry\/PChem\/scripts\/errorcalc.pdf\" target=\"_blank\" rel=\"noopener noreferrer\">lieto\u0161anas instrukcija<\/a>\u00a0(ang\u013cu valod\u0101)<\/div>\n<\/div><\/section><\/div>\n","protected":false},"excerpt":{"rendered":"","protected":false},"author":70,"featured_media":0,"parent":0,"menu_order":0,"comment_status":"closed","ping_status":"closed","template":"","meta":{"_monsterinsights_skip_tracking":false,"_monsterinsights_sitenote_active":false,"_monsterinsights_sitenote_note":"","_monsterinsights_sitenote_category":0,"footnotes":""},"class_list":["post-36","page","type-page","status-publish","hentry"],"meta_box":[],"_links":{"self":[{"href":"https:\/\/wpweb2-prod.rtu.lv\/smi\/wp-json\/wp\/v2\/pages\/36","targetHints":{"allow":["GET"]}}],"collection":[{"href":"https:\/\/wpweb2-prod.rtu.lv\/smi\/wp-json\/wp\/v2\/pages"}],"about":[{"href":"https:\/\/wpweb2-prod.rtu.lv\/smi\/wp-json\/wp\/v2\/types\/page"}],"author":[{"embeddable":true,"href":"https:\/\/wpweb2-prod.rtu.lv\/smi\/wp-json\/wp\/v2\/users\/70"}],"replies":[{"embeddable":true,"href":"https:\/\/wpweb2-prod.rtu.lv\/smi\/wp-json\/wp\/v2\/comments?post=36"}],"version-history":[{"count":4,"href":"https:\/\/wpweb2-prod.rtu.lv\/smi\/wp-json\/wp\/v2\/pages\/36\/revisions"}],"predecessor-version":[{"id":127,"href":"https:\/\/wpweb2-prod.rtu.lv\/smi\/wp-json\/wp\/v2\/pages\/36\/revisions\/127"}],"wp:attachment":[{"href":"https:\/\/wpweb2-prod.rtu.lv\/smi\/wp-json\/wp\/v2\/media?parent=36"}],"curies":[{"name":"wp","href":"https:\/\/api.w.org\/{rel}","templated":true}]}}