{"id":51,"date":"2020-09-29T17:37:50","date_gmt":"2020-09-29T14:37:50","guid":{"rendered":"https:\/\/wpweb2-prod.rtu.lv\/smi\/?page_id=51"},"modified":"2021-01-11T14:01:58","modified_gmt":"2021-01-11T11:01:58","slug":"darbinieki","status":"publish","type":"page","link":"https:\/\/wpweb2-prod.rtu.lv\/smi\/darbinieki\/","title":{"rendered":"Darbinieki"},"content":{"rendered":"<div class='avia-data-table-wrap av-2elcvv-d74133a2c66a745601db46038aee81e0 avia_responsive_table avia-table-1'><table  class='avia-table avia-data-table avia_pricing_default  avia-builder-el-0  avia-builder-el-no-sibling '  itemscope=\"itemscope\" itemtype=\"https:\/\/schema.org\/Table\" ><caption>SMI instit\u016bta darbinieki<\/caption><tbody><tr class=''><td class=''>V\u0101rds, uzv\u0101rds<\/td><td class=''>Amats<\/td><td class=''>Zin\u0101tniskais gr\u0101ds<\/td><td class=''>P\u0113tniec\u012bbas virziens<\/td><td class=''>Kontakti<\/td><\/tr><tr class=''><td class=''>Gundars Me\u017einskis<\/td><td class=''>Prof., instit\u016bta direktors<\/td><td class=''>Dr. habil. sc. ing.<\/td><td class=''>Sola-g\u0113la un nanostruktur\u0113tie materi\u0101li<\/td><td class=''>67089141<\/p>\n<p>gundars.mezinskis@rtu.lv<\/p>\n<p>234.kab.<\/td><\/tr><tr class=''><td class=''>Andris Cimmers<\/td><td class=''>Instit\u016bta direktora vietnieks, vado\u0161ais p\u0113tnieks<\/td><td class=''>Dr. sc. ing.<\/td><td class=''>Siltumizol\u0101cijas b\u016bvkeramika<\/td><td class=''>andris.cimmers@rtu.lv<\/p>\n<p>242. kab.<\/td><\/tr><tr class=''><td class=''>L\u012bga Grase<\/td><td class=''>Docente, vado\u0161\u0101 p\u0113tniece,  instit\u016bta zin\u0101tnisk\u0101 sekret\u0101re<\/td><td class=''>Dr. sc .ing.<\/td><td class=''>Sken\u0113jo\u0161\u0101s elektronu mikroskopijas izmanto\u0161ana materi\u0101lu strukt\u016bras p\u0113t\u012bjumos<\/td><td class=''>liga.grase@rtu.lv<\/p>\n<p>243. kab.<\/td><\/tr><tr class=''><td class=''>Inna Juh\u0146evi\u010da <\/td><td class=''>Asoc. prof., vado\u0161\u0101 p\u0113tniece<\/td><td class=''>Dr. sc. ing.<\/td><td class=''>Sola-g\u0113la tehnolo\u0123ija materi\u0101lu izstr\u0101dei<\/td><td class=''>inna.juhnevica@rtu.lv<\/p>\n<p>268. kab.<\/td><\/tr><tr class=''><td class=''>Margarita Karpe <\/td><td class=''>P\u0113tniece<\/td><td class=''>Mg. sc. ing.<\/td><td class=''>Akmens materi\u0101lu konserv\u0101cijas un restaur\u0101cijas centra vad\u012bt\u0101jas p.i. Silik\u0101tu un saistvielu \u0137\u012bmisk\u0101s anal\u012bzes.<\/td><td class=''>margarita.karpe@rtu.lv<\/p>\n<p>343. kab.<\/td><\/tr><tr class=''><td class=''>Inta Kirilovi\u010da<\/td><td class=''>Docente, p\u0113tniece<\/td><td class=''>Dr. sc. ing.<\/td><td class=''>Akmens materi\u0101lu restaur\u0101cija, silik\u0101tu un saistvielu \u0137\u012bmisk\u0101 anal\u012bze<\/td><td class=''>inta.kirilovica@rtu.lv<\/p>\n<p>343. kab.<\/td><\/tr><tr class=''><td class=''>Lauma Lindi\u0146a<\/td><td class=''>P\u0113tniece<\/td><td class=''>Dr. sc. ing.<\/td><td class=''>Rentgenstaru difraktometrisk\u0101 anal\u012bze<\/td><td class=''>lauma.lindina@rtu.lv<\/p>\n<p>243. kab.<\/td><\/tr><tr class=''><td class=''>Ludmila Mah\u0146icka-Goremikina <\/td><td class=''>Vado\u0161\u0101 p\u0113tniece, p\u0113cdoktorante<\/td><td class=''>Dr. sc. ing.<\/td><td class=''>Poraina oks\u012bdu keramika<\/td><td class=''>ludmila.mahnicka-goremikina@rtu.lv<\/p>\n<p>238.kab.<\/td><\/tr><tr class=''><td class=''>Art\u016brs Pl\u016bdons<\/td><td class=''>P\u0113tnieks<\/td><td class=''>Mg. sc. ing.<\/td><td class=''>Atomsp\u0113ka mikroskopija, sken\u0113jo\u0161\u0101 tune\u013cmikroskopija<\/td><td class=''>arturs.pludons@rtu.lv<\/p>\n<p>243. kab.<\/td><\/tr><tr class=''><td class=''>M\u0101rti\u0146\u0161 Randers<\/td><td class=''>Doktorants, zin\u0101tniskais asistents<\/td><td class=''>Mg. sc. ing.<\/td><td class=''>Oks\u012bdu keramika<\/td><td class=''>martins.randers@rtu.lv<\/p>\n<p>133. kab.<\/td><\/tr><tr class=''><td class=''>M\u0101ris Rund\u0101ns<\/p>\n<p><\/td><td class=''>Doktorants, p\u0113tnieks<\/td><td class=''>Mg.sc. ing.<\/td><td class=''>Oks\u012bdu keramika<\/td><td class=''>Maris.Rundans@rtu.lv<\/p>\n<p>243.kab.<\/td><\/tr><tr class=''><td class=''> Gaida Sedmale<\/td><td class=''>Asoc. Prof., vado\u0161\u0101 p\u0113tniece<\/td><td class=''>Dr. habil. chem.<\/td><td class=''>Jauni augsttemperat\u016bras keramikas materi\u0101li<\/td><td class=''>gaida-maruta.sedmale@rtu.lv<\/p>\n<p>237. kab.<\/td><\/tr><tr class=''><td class=''>Jan\u012bna S\u0113ti\u0146a <\/td><td class=''>Vado\u0161\u0101 p\u0113tniece, docente, Silik\u0101tu materi\u0101lu test\u0113\u0161anas laboratorijas vad\u012bt\u0101ja<\/td><td class=''>Dr. sc. ing.<\/td><td class=''>Stikla \u0137\u012bmija un tehnolo\u0123ija. Neorganisko saistvielu (betona) \u0137\u012bmija. Silik\u0101tu materi\u0101lu test\u0113\u0161ana<\/td><td class=''>janina.setina@rtu.lv<\/p>\n<p>237. kab.<\/td><\/tr><tr class=''><td class=''>Visvaldis \u0160vinka <\/td><td class=''>Asoc. prof., vado\u0161ais p\u0113tnieks<\/td><td class=''>Dr. habil. sc. ing.<\/td><td class=''>Silik\u0101tu un oks\u012bdu keramika<\/td><td class=''>visvaldis.svinka@rtu.lv<\/p>\n<p>245. kab.<\/td><\/tr><tr class=''><td class=''>Ruta \u0160vinka <\/td><td class=''>Asoc. prof., vado\u0161\u0101 p\u0113tniece.<\/td><td class=''>Dr. sc. ing.<\/td><td class=''>M\u0101li un to izmanto\u0161ana keramik\u0101<\/td><td class=''>ruta.svinka@rtu.lv<\/p>\n<p>245. kab.<\/td><\/tr><tr class=''><td class=''>Inta Timma <\/td><td class=''>Zin\u0101tnisk\u0101 asistente<\/td><td class=''>Mg. sc. ing.<\/td><td class=''>Diferenci\u0101li termisk\u0101 anal\u012bze. Termomeh\u0101nisk\u0101 anal\u012bze<\/td><td class=''>67089249<\/p>\n<p>inta.timma@rtu.lv<\/p>\n<p>269.kab.<\/td><\/tr><tr class=''><td class=''>Laimonis Timma<\/td><td class=''>P\u0113tnieks<\/td><td class=''><br \/>\nMg. sc. ing.<\/td><td class=''>Speckeramikas izstr\u0101de un tehnolo\u0123ijas <\/td><td class=''>Laimonis.Timma@rtu.lv<\/p>\n<p> 244. kab.<\/td><\/tr><tr class=''><td class=''>Inta V\u012bti\u0146a <\/td><td class=''>Vado\u0161\u0101 p\u0113tniece<\/td><td class=''>Dr. sc. ing.<\/td><td class=''>Silik\u0101tu u.c. materi\u0101lu (betoni, \u0137ie\u0123e\u013ci, stikli, cementi) \u0137\u012bmisk\u0101s anal\u012bzes un tehnisk\u0101 pal\u012bdz\u012bba restaur\u0101cijas uz\u0146\u0113mumiem.<\/td><td class=''>inta.vitina@rtu.lv<\/p>\n<p>343. kab.<\/td><\/tr><tr class=''><td class=''>Anete Ansberga<\/td><td class=''>Zin\u0101tniskais asistents<\/td><td class=''>Ma\u0123istrant\u016bras studente<\/td><td class=''><\/td><td class=''>anete.ansberga@rtu.lv<br \/>\n241. kab.<\/td><\/tr><tr class=''><td class=''>Alise B\u0113ti\u0146a<\/td><td class=''>Zin\u0101tniskais asistents<\/td><td class=''>Ma\u0123istrant\u016bras studente<\/td><td class=''><\/td><td class=''>alise.betina@rtu.lv<\/p>\n<p>245. kab.<\/td><\/tr><tr class=''><td class=''>Jana Buzhinskaya\t<\/td><td class=''>Zin\u0101tniskais asistents<\/td><td class=''>Ma\u0123istrant\u016bras studente<\/td><td class=''><\/td><td class=''>jana.buzhinskaya@rtu.lv<\/p>\n<p>133. kab.<\/td><\/tr><tr class=''><td class=''>Mairis Iesalnieks<\/td><td class=''>Zin\u0101tniskais asistents<\/td><td class=''>Ma\u0123istrant\u016bras students<\/td><td class=''><\/td><td class=''>mairis.iesalnieks@rtu.lv<\/p>\n<p>235. kab.<\/td><\/tr><tr class=''><td class=''>Viktorija Su\u010devana<\/td><td class=''>Zin\u0101tniskais asistents<\/td><td class=''>Ma\u0123istrant\u016bras studente<\/td><td class=''><\/td><td class=''>viktorija.sucevana@rtu.lv<\/p>\n<p>343. kab.<\/td><\/tr><\/tbody><\/table><\/div>\n","protected":false},"excerpt":{"rendered":"","protected":false},"author":70,"featured_media":0,"parent":0,"menu_order":0,"comment_status":"closed","ping_status":"closed","template":"","meta":{"_monsterinsights_skip_tracking":false,"_monsterinsights_sitenote_active":false,"_monsterinsights_sitenote_note":"","_monsterinsights_sitenote_category":0,"footnotes":""},"class_list":["post-51","page","type-page","status-publish","hentry"],"meta_box":[],"_links":{"self":[{"href":"https:\/\/wpweb2-prod.rtu.lv\/smi\/wp-json\/wp\/v2\/pages\/51","targetHints":{"allow":["GET"]}}],"collection":[{"href":"https:\/\/wpweb2-prod.rtu.lv\/smi\/wp-json\/wp\/v2\/pages"}],"about":[{"href":"https:\/\/wpweb2-prod.rtu.lv\/smi\/wp-json\/wp\/v2\/types\/page"}],"author":[{"embeddable":true,"href":"https:\/\/wpweb2-prod.rtu.lv\/smi\/wp-json\/wp\/v2\/users\/70"}],"replies":[{"embeddable":true,"href":"https:\/\/wpweb2-prod.rtu.lv\/smi\/wp-json\/wp\/v2\/comments?post=51"}],"version-history":[{"count":6,"href":"https:\/\/wpweb2-prod.rtu.lv\/smi\/wp-json\/wp\/v2\/pages\/51\/revisions"}],"predecessor-version":[{"id":224,"href":"https:\/\/wpweb2-prod.rtu.lv\/smi\/wp-json\/wp\/v2\/pages\/51\/revisions\/224"}],"wp:attachment":[{"href":"https:\/\/wpweb2-prod.rtu.lv\/smi\/wp-json\/wp\/v2\/media?parent=51"}],"curies":[{"name":"wp","href":"https:\/\/api.w.org\/{rel}","templated":true}]}}