{"id":59,"date":"2020-09-29T17:47:52","date_gmt":"2020-09-29T14:47:52","guid":{"rendered":"https:\/\/wpweb2-prod.rtu.lv\/smi\/?page_id=59"},"modified":"2020-11-14T11:49:36","modified_gmt":"2020-11-14T08:49:36","slug":"smi-struktura","status":"publish","type":"page","link":"https:\/\/wpweb2-prod.rtu.lv\/smi\/smi-struktura\/","title":{"rendered":"SMI strukt\u016bra"},"content":{"rendered":"\n<style type=\"text\/css\" data-created_by=\"avia_inline_auto\" id=\"style-css-av-3mof-3f01d7f489fcfcb7928affb3ace83b36\">\n.flex_column.av-3mof-3f01d7f489fcfcb7928affb3ace83b36{\nborder-radius:0px 0px 0px 0px;\npadding:0px 0px 0px 0px;\n}\n<\/style>\n<div  class='flex_column av-3mof-3f01d7f489fcfcb7928affb3ace83b36 av_one_full  avia-builder-el-0  avia-builder-el-no-sibling  first flex_column_div av-zero-column-padding  '     ><section  class='av_textblock_section av-kfo2ryfu-010a3cc42a9fa0f8da4a3d9b65ae9bf2 '   itemscope=\"itemscope\" itemtype=\"https:\/\/schema.org\/CreativeWork\" ><div class='avia_textblock'  itemprop=\"text\" ><div><strong>S<\/strong><strong>ilik\u0101tu, augsttemperat\u016bras un neorganisko nanomateri\u0101lu tehnolo\u0123ijas katedra<\/strong><strong>\u00a0<\/strong><\/div>\n<div>Katedras vad\u012bt\u0101js: Prof. , Dr.habil.sc.ing. Gundars Me\u017einskis, t\u0101lr.:67089141; e-pasts:\u00a0<a href=\"mailto:gundarsm@ktf.rtu.lv\">gundarsm@ktf.rtu.lv<\/a><\/div>\n<p><strong>Akmens materi\u0101lu konserv\u0101cijas un restaur\u0101cijas centrs<\/strong><\/p>\n<div>\n<p>Centra vad\u012btajas p.i.: P\u0113tniece, Mg.sc.ing. Margarita Karpe, t\u0101lr.: 28887157, e-pasts:\u00a0<a href=\"mailto:Margarita.Karpe@rtu.lv\">Margarita.Karpe@rtu.lv<\/a><\/p>\n<p><strong>S<\/strong><strong>tikla un keramikas zin\u0101tnisk\u0101s p\u0113tniec\u012bbas laboratorija<\/strong><strong>\u00a0<\/strong><br \/>\nLaboratorijas vad\u012bt\u0101js: Dr.sc.ing. Andris Cimmers, t\u0101lr.:67615560; e-pasts:\u00a0<a href=\"mailto:cimmers@ktf.rtu.lv\">cimmers@ktf.rtu.lv<\/a><\/p>\n<p><strong>Materi\u0101lu virsmas morfolo\u0123ijas un strukt\u016bras anal\u012bzes laboratorija<\/strong><br \/>\nLaboratorijas vad\u012bt\u0101ja: Dr.sc.ing. Ilona Pavlovska, t\u0101lr.: 67089103; e-pasts:\u00a0<a href=\"mailto:pilona@ktf.rtu.lv\">pilona@ktf.rtu.lv<\/a><\/p>\n<p><strong>Nanoda\u013ci\u0146u un nanomateri\u0101lu \u0137\u012bmisk\u0101s tehnolo\u0123ijas laboratorija\u00a0<\/strong><br \/>\nLaboratorijas vad\u012bt\u0101ja: Dr.sc.ing. Inna Juh\u0146evi\u010da, t\u0101lr.: 67089117; e-pasts:\u00a0<a href=\"mailto:innaju@ktf\">innaju@ktf<\/a>.<\/p>\n<\/div>\n<\/div><\/section><\/div>\n","protected":false},"excerpt":{"rendered":"","protected":false},"author":70,"featured_media":0,"parent":0,"menu_order":0,"comment_status":"closed","ping_status":"closed","template":"","meta":{"_monsterinsights_skip_tracking":false,"_monsterinsights_sitenote_active":false,"_monsterinsights_sitenote_note":"","_monsterinsights_sitenote_category":0,"footnotes":""},"class_list":["post-59","page","type-page","status-publish","hentry"],"meta_box":[],"_links":{"self":[{"href":"https:\/\/wpweb2-prod.rtu.lv\/smi\/wp-json\/wp\/v2\/pages\/59","targetHints":{"allow":["GET"]}}],"collection":[{"href":"https:\/\/wpweb2-prod.rtu.lv\/smi\/wp-json\/wp\/v2\/pages"}],"about":[{"href":"https:\/\/wpweb2-prod.rtu.lv\/smi\/wp-json\/wp\/v2\/types\/page"}],"author":[{"embeddable":true,"href":"https:\/\/wpweb2-prod.rtu.lv\/smi\/wp-json\/wp\/v2\/users\/70"}],"replies":[{"embeddable":true,"href":"https:\/\/wpweb2-prod.rtu.lv\/smi\/wp-json\/wp\/v2\/comments?post=59"}],"version-history":[{"count":3,"href":"https:\/\/wpweb2-prod.rtu.lv\/smi\/wp-json\/wp\/v2\/pages\/59\/revisions"}],"predecessor-version":[{"id":222,"href":"https:\/\/wpweb2-prod.rtu.lv\/smi\/wp-json\/wp\/v2\/pages\/59\/revisions\/222"}],"wp:attachment":[{"href":"https:\/\/wpweb2-prod.rtu.lv\/smi\/wp-json\/wp\/v2\/media?parent=59"}],"curies":[{"name":"wp","href":"https:\/\/api.w.org\/{rel}","templated":true}]}}