{"id":98,"date":"2020-09-29T18:33:00","date_gmt":"2020-09-29T15:33:00","guid":{"rendered":"https:\/\/wpweb2-prod.rtu.lv\/smi\/?page_id=98"},"modified":"2020-12-02T17:32:29","modified_gmt":"2020-12-02T14:32:29","slug":"par-mums","status":"publish","type":"page","link":"https:\/\/wpweb2-prod.rtu.lv\/smi\/","title":{"rendered":"Par mums"},"content":{"rendered":"\n<style type=\"text\/css\" data-created_by=\"avia_inline_auto\" id=\"style-css-av-zhxi-23bde064b6ee17166f5e4d31eb1754c1\">\n.flex_column.av-zhxi-23bde064b6ee17166f5e4d31eb1754c1{\nborder-radius:0px 0px 0px 0px;\npadding:0px 0px 0px 0px;\n}\n<\/style>\n<div  class='flex_column av-zhxi-23bde064b6ee17166f5e4d31eb1754c1 av_four_fifth  avia-builder-el-0  el_before_av_one_fifth  avia-builder-el-first  first flex_column_div av-zero-column-padding  '     ><section  class='av_textblock_section av-kfo4dz8u-2e124db46d7ac8fe1499cd018a8df703 '   itemscope=\"itemscope\" itemtype=\"https:\/\/schema.org\/CreativeWork\" ><div class='avia_textblock'  itemprop=\"text\" ><p>1947. gada 1. oktobris ir Silik\u0101tu tehnolo\u0123ijas katedras (STK) dibin\u0101\u0161anas diena un t\u0101 ir saist\u012bta ar pirm\u0101 katedras vad\u012bt\u0101ja profesora J\u016blija Eiduka v\u0101rdu. 1994. gad\u0101 p\u0113c t\u0101 laika STK vad\u012bt\u0101ja prof. U. Sedma\u013ca ierosmes nodibin\u0101ja Silik\u0101tu materi\u0101lu instit\u016btu (SMI), kur\u0101 s\u0101kotn\u0113ji iek\u013c\u0101va STK un zin\u0101tniski p\u0113tniecisko stikla un keramikas laboratoriju. 1999. gad\u0101 katedru p\u0101rveido par silik\u0101tu materi\u0101lu tehnolo\u0123ijas profesora grupu, kuras vad\u012bt\u0101js k\u013c\u016bst prof. G.Me\u017einskis, kur\u0161 2000.g. tiek iev\u0113l\u0113ts SMI direktora amat\u0101. 2007. gad\u0101 profesora grupu p\u0101rveido par Silik\u0101tu, augsttemperat\u016bras un neorganisko nanomateri\u0101lu tehnolo\u0123ijas katedru, par kuras vad\u012bt\u0101ju apstiprina prof. G.Me\u017einski.<\/p>\n<div>\n<div>\n<p>SMI ietilpst Silik\u0101tu, augsttemperat\u016bras un neorganisko nanomateri\u0101lu tehnolo\u0123ijas katedra, Akmens materi\u0101lu konserv\u0101cijas un restaur\u0101cijas centrs, Stikla un keramikas zin\u0101tniski p\u0113tniecisk\u0101 laboratorija, Materi\u0101lu virsmas morfolo\u0123ijas un strukt\u016bras anal\u012bzes laboratorija un Nanoda\u013ci\u0146u un nanomateri\u0101lu \u0137\u012bmisk\u0101s tehnolo\u0123ijas laboratorija.<\/p>\n<p>SMI ir izveidojies par centru, kur\u0101 veic sistem\u0101tiskus p\u0113t\u012bjumus par jaunu neorganisku materi\u0101lu sint\u0113zi, izp\u0113ti un pielietojumu. \u0160obr\u012bd pastiprin\u0101ta uzman\u012bba tiek velt\u012bta p\u0113t\u012bjumiem par jaunu materi\u0101lu izstr\u0101di no Latvijas miner\u0101l\u0101m izejviel\u0101m un neorganisko nanomateri\u0101lu \u0137\u012bmijai un tehnolo\u0123ijai.<\/p>\n<p>Silik\u0101tu, augsttemperat\u016bras un neorganisko nanomateri\u0101lu tehnolo\u0123ijas katedr\u0101 tiek realiz\u0113tas bakalaura, ma\u0123istra un doktora studijas.<\/p>\n<p>SMI izveidoju\u0161ies cie\u0161i sakari ar RTU Neorganisk\u0101s \u0137\u012bmijas instit\u016btu, LU \u0136\u012bmijas fakult\u0101ti un LU Cietvielu fizikas instit\u016btu. Tam ir labi kontakti ar vair\u0101k\u0101m \u0101rzemju augst\u0101k\u0101m m\u0101c\u012bbu iest\u0101d\u0113m Lietuv\u0101, V\u0101cij\u0101, It\u0101lij\u0101, D\u0101nij\u0101, Zviedrij\u0101 un ASV.<\/p>\n<\/div>\n<\/div>\n<\/div><\/section><\/div>\n\n<style type=\"text\/css\" data-created_by=\"avia_inline_auto\" id=\"style-css-av-12esi-69fb2fdb08c24c0726e82d7e4d29dd9c\">\n.flex_column.av-12esi-69fb2fdb08c24c0726e82d7e4d29dd9c{\nborder-radius:0px 0px 0px 0px;\npadding:0px 0px 0px 0px;\n}\n<\/style>\n<div  class='flex_column av-12esi-69fb2fdb08c24c0726e82d7e4d29dd9c av_one_fifth  avia-builder-el-2  el_after_av_four_fifth  avia-builder-el-last  flex_column_div av-zero-column-padding  '     ><style type=\"text\/css\" data-created_by=\"avia_inline_auto\" id=\"style-css-av-kfp38x1c-142e095ede2f0d7348f9cdc43e176c3c\">\n.avia-image-container.av-kfp38x1c-142e095ede2f0d7348f9cdc43e176c3c img.avia_image{\nbox-shadow:none;\n}\n.avia-image-container.av-kfp38x1c-142e095ede2f0d7348f9cdc43e176c3c .av-image-caption-overlay-center{\ncolor:#ffffff;\n}\n<\/style>\n<div  class='avia-image-container av-kfp38x1c-142e095ede2f0d7348f9cdc43e176c3c av-styling- av-hover-grow avia-align-center  avia-builder-el-3  avia-builder-el-no-sibling '   itemprop=\"image\" itemscope=\"itemscope\" itemtype=\"https:\/\/schema.org\/ImageObject\" ><div class=\"avia-image-container-inner\"><div class=\"avia-image-overlay-wrap\"><img decoding=\"async\" fetchpriority=\"high\" class='wp-image-45 avia-img-lazy-loading-not-45 avia_image ' src=\"https:\/\/wpweb2-prod.rtu.lv\/smi\/wp-content\/uploads\/sites\/49\/2020\/09\/optimized-foto_kolahza-2.jpg\" alt='' title='optimized-foto_kolahza-2'  height=\"508\" width=\"200\"  itemprop=\"thumbnailUrl\" srcset=\"https:\/\/wpweb2-prod.rtu.lv\/smi\/wp-content\/uploads\/sites\/49\/2020\/09\/optimized-foto_kolahza-2.jpg 200w, https:\/\/wpweb2-prod.rtu.lv\/smi\/wp-content\/uploads\/sites\/49\/2020\/09\/optimized-foto_kolahza-2-118x300.jpg 118w\" sizes=\"(max-width: 200px) 100vw, 200px\" \/><\/div><\/div><\/div><\/div>\n","protected":false},"excerpt":{"rendered":"","protected":false},"author":70,"featured_media":0,"parent":0,"menu_order":0,"comment_status":"closed","ping_status":"closed","template":"","meta":{"_monsterinsights_skip_tracking":false,"_monsterinsights_sitenote_active":false,"_monsterinsights_sitenote_note":"","_monsterinsights_sitenote_category":0,"footnotes":""},"class_list":["post-98","page","type-page","status-publish","hentry"],"meta_box":[],"_links":{"self":[{"href":"https:\/\/wpweb2-prod.rtu.lv\/smi\/wp-json\/wp\/v2\/pages\/98","targetHints":{"allow":["GET"]}}],"collection":[{"href":"https:\/\/wpweb2-prod.rtu.lv\/smi\/wp-json\/wp\/v2\/pages"}],"about":[{"href":"https:\/\/wpweb2-prod.rtu.lv\/smi\/wp-json\/wp\/v2\/types\/page"}],"author":[{"embeddable":true,"href":"https:\/\/wpweb2-prod.rtu.lv\/smi\/wp-json\/wp\/v2\/users\/70"}],"replies":[{"embeddable":true,"href":"https:\/\/wpweb2-prod.rtu.lv\/smi\/wp-json\/wp\/v2\/comments?post=98"}],"version-history":[{"count":22,"href":"https:\/\/wpweb2-prod.rtu.lv\/smi\/wp-json\/wp\/v2\/pages\/98\/revisions"}],"predecessor-version":[{"id":223,"href":"https:\/\/wpweb2-prod.rtu.lv\/smi\/wp-json\/wp\/v2\/pages\/98\/revisions\/223"}],"wp:attachment":[{"href":"https:\/\/wpweb2-prod.rtu.lv\/smi\/wp-json\/wp\/v2\/media?parent=98"}],"curies":[{"name":"wp","href":"https:\/\/api.w.org\/{rel}","templated":true}]}}